{"id":7007,"date":"2025-08-07T10:27:50","date_gmt":"2025-08-07T08:27:50","guid":{"rendered":"https:\/\/ameo-agentur.de\/?page_id=7007"},"modified":"2025-08-19T09:36:02","modified_gmt":"2025-08-19T07:36:02","slug":"intomarkets-landingpage","status":"publish","type":"page","link":"https:\/\/ameo-agentur.de\/de\/intomarkets-landingpage\/","title":{"rendered":"intomarkets landingpage"},"content":{"rendered":"\t\t<div data-elementor-type=\"wp-page\" data-elementor-id=\"7007\" class=\"elementor elementor-7007\" data-elementor-post-type=\"page\">\n\t\t\t\t<div class=\"elementor-element elementor-element-43f33f1 e-flex e-con-boxed e-con e-parent\" data-id=\"43f33f1\" data-element_type=\"container\" data-e-type=\"container\" data-settings=\"{&quot;jet_parallax_layout_list&quot;:[]}\">\n\t\t\t\t\t<div class=\"e-con-inner\">\n\t\t<div class=\"elementor-element elementor-element-eaa9dbf e-con-full e-flex e-con e-child\" data-id=\"eaa9dbf\" data-element_type=\"container\" data-e-type=\"container\" data-settings=\"{&quot;jet_parallax_layout_list&quot;:[]}\">\n\t\t\t\t<div class=\"elementor-element elementor-element-d56a37c elementor-widget elementor-widget-image\" data-id=\"d56a37c\" data-element_type=\"widget\" data-e-type=\"widget\" data-widget_type=\"image.default\">\n\t\t\t\t<div class=\"elementor-widget-container\">\n\t\t\t\t\t\t\t\t\t\t\t\t\t\t\t<img fetchpriority=\"high\" decoding=\"async\" width=\"1024\" height=\"238\" src=\"https:\/\/ameo-agentur.de\/wp-content\/uploads\/2025\/08\/intomarkets_logo-1024x238.png\" class=\"attachment-large size-large wp-image-7011\" alt=\"\" srcset=\"https:\/\/ameo-agentur.de\/wp-content\/uploads\/2025\/08\/intomarkets_logo-1024x238.png 1024w, https:\/\/ameo-agentur.de\/wp-content\/uploads\/2025\/08\/intomarkets_logo-300x70.png 300w, https:\/\/ameo-agentur.de\/wp-content\/uploads\/2025\/08\/intomarkets_logo-768x178.png 768w, https:\/\/ameo-agentur.de\/wp-content\/uploads\/2025\/08\/intomarkets_logo-600x139.png 600w, https:\/\/ameo-agentur.de\/wp-content\/uploads\/2025\/08\/intomarkets_logo.png 1181w\" sizes=\"(max-width: 1024px) 100vw, 1024px\" \/>\t\t\t\t\t\t\t\t\t\t\t\t\t\t\t<\/div>\n\t\t\t\t<\/div>\n\t\t\t\t<\/div>\n\t\t<div class=\"elementor-element elementor-element-73db192 e-con-full e-flex e-con e-child\" data-id=\"73db192\" data-element_type=\"container\" data-e-type=\"container\" data-settings=\"{&quot;jet_parallax_layout_list&quot;:[]}\">\n\t\t\t\t<div class=\"elementor-element elementor-element-5be4f32 elementor-widget elementor-widget-heading\" data-id=\"5be4f32\" data-element_type=\"widget\" data-e-type=\"widget\" data-widget_type=\"heading.default\">\n\t\t\t\t<div class=\"elementor-widget-container\">\n\t\t\t\t\t<h2 class=\"elementor-heading-title elementor-size-default\">ist jetzt<\/h2>\t\t\t\t<\/div>\n\t\t\t\t<\/div>\n\t\t\t\t<\/div>\n\t\t<div class=\"elementor-element elementor-element-73df952 e-con-full e-flex e-con e-child\" data-id=\"73df952\" data-element_type=\"container\" data-e-type=\"container\" data-settings=\"{&quot;jet_parallax_layout_list&quot;:[]}\">\n\t\t\t\t<div class=\"elementor-element elementor-element-f40ea43 elementor-widget elementor-widget-image\" data-id=\"f40ea43\" data-element_type=\"widget\" data-e-type=\"widget\" data-widget_type=\"image.default\">\n\t\t\t\t<div class=\"elementor-widget-container\">\n\t\t\t\t\t\t\t\t\t\t\t\t\t\t\t<img decoding=\"async\" width=\"494\" height=\"124\" src=\"https:\/\/ameo-agentur.de\/wp-content\/uploads\/2023\/06\/ameo_light.svg\" class=\"attachment-large size-large wp-image-12\" alt=\"\" \/>\t\t\t\t\t\t\t\t\t\t\t\t\t\t\t<\/div>\n\t\t\t\t<\/div>\n\t\t\t\t<\/div>\n\t\t\t\t\t<\/div>\n\t\t\t\t<\/div>\n\t\t<div class=\"elementor-element elementor-element-cce788f e-flex e-con-boxed e-con e-parent\" data-id=\"cce788f\" data-element_type=\"container\" data-e-type=\"container\" data-settings=\"{&quot;jet_parallax_layout_list&quot;:[]}\">\n\t\t\t\t\t<div class=\"e-con-inner\">\n\t\t\t\t<div class=\"elementor-element elementor-element-a503ee5 elementor-widget elementor-widget-text-editor\" data-id=\"a503ee5\" data-element_type=\"widget\" data-e-type=\"widget\" data-widget_type=\"text-editor.default\">\n\t\t\t\t<div class=\"elementor-widget-container\">\n\t\t\t\t\t\t\t\t\t<p>Wir freuen uns, mitteilen zu d\u00fcrfen, dass intomarkets jetzt Teil von ameo ist! <br \/>Dein Vorteil: \u00a0Geb\u00fcndelte Expertise im Amazon-Marketing, umfassendere Services, innovativere Strategien und noch mehr Power f\u00fcr nachhaltiges E-Commerce-Wachstum.<\/p>\t\t\t\t\t\t\t\t<\/div>\n\t\t\t\t<\/div>\n\t\t\t\t<div class=\"elementor-element elementor-element-da0e9e8 elementor-widget elementor-widget-text-editor\" data-id=\"da0e9e8\" data-element_type=\"widget\" data-e-type=\"widget\" data-widget_type=\"text-editor.default\">\n\t\t\t\t<div class=\"elementor-widget-container\">\n\t\t\t\t\t\t\t\t\t<p><b>Was bedeutet das konkret?<\/b><\/p>\t\t\t\t\t\t\t\t<\/div>\n\t\t\t\t<\/div>\n\t\t<div class=\"elementor-element elementor-element-28375c1 e-grid e-con-full e-con e-child\" data-id=\"28375c1\" data-element_type=\"container\" data-e-type=\"container\" data-settings=\"{&quot;jet_parallax_layout_list&quot;:[]}\">\n\t\t<div class=\"elementor-element elementor-element-ef09d63 e-con-full e-flex e-con e-child\" data-id=\"ef09d63\" data-element_type=\"container\" data-e-type=\"container\" data-settings=\"{&quot;background_background&quot;:&quot;classic&quot;,&quot;jet_parallax_layout_list&quot;:[]}\">\n\t\t\t\t<div class=\"elementor-element elementor-element-ecb6965 elementor-view-default elementor-widget elementor-widget-icon\" data-id=\"ecb6965\" data-element_type=\"widget\" data-e-type=\"widget\" data-widget_type=\"icon.default\">\n\t\t\t\t<div class=\"elementor-widget-container\">\n\t\t\t\t\t\t\t<div class=\"elementor-icon-wrapper\">\n\t\t\t<div class=\"elementor-icon\">\n\t\t\t<i aria-hidden=\"true\" class=\"fal fa-layer-plus\"><\/i>\t\t\t<\/div>\n\t\t<\/div>\n\t\t\t\t\t\t<\/div>\n\t\t\t\t<\/div>\n\t\t\t\t<div class=\"elementor-element elementor-element-510044a elementor-widget elementor-widget-heading\" data-id=\"510044a\" data-element_type=\"widget\" data-e-type=\"widget\" data-widget_type=\"heading.default\">\n\t\t\t\t<div class=\"elementor-widget-container\">\n\t\t\t\t\t<h2 class=\"elementor-heading-title elementor-size-default\">ERWEITERTES Portfolio<\/h2>\t\t\t\t<\/div>\n\t\t\t\t<\/div>\n\t\t\t\t<div class=\"elementor-element elementor-element-7c2bd2f elementor-widget elementor-widget-text-editor\" data-id=\"7c2bd2f\" data-element_type=\"widget\" data-e-type=\"widget\" data-widget_type=\"text-editor.default\">\n\t\t\t\t<div class=\"elementor-widget-container\">\n\t\t\t\t\t\t\t\t\t<p>Bew\u00e4hrte Leistungen werden erg\u00e4nzt durch DSP, Prime Video Ads, AMC Cases, Data &amp; Analytics, Prozessdigitalisierung, Softwareentwicklung und vieles mehr \u2013 f\u00fcr ganzheitliche Strategien, messbaren Erfolg, st\u00e4rkere Ergebnissen und noch mehr M\u00f6glichkeiten f\u00fcr erfolgreiches Marketing.<\/p>\t\t\t\t\t\t\t\t<\/div>\n\t\t\t\t<\/div>\n\t\t\t\t<\/div>\n\t\t<div class=\"elementor-element elementor-element-3accf10 e-con-full e-flex e-con e-child\" data-id=\"3accf10\" data-element_type=\"container\" data-e-type=\"container\" data-settings=\"{&quot;background_background&quot;:&quot;classic&quot;,&quot;jet_parallax_layout_list&quot;:[]}\">\n\t\t\t\t<div class=\"elementor-element elementor-element-39b236a elementor-view-default elementor-widget elementor-widget-icon\" data-id=\"39b236a\" data-element_type=\"widget\" data-e-type=\"widget\" data-widget_type=\"icon.default\">\n\t\t\t\t<div class=\"elementor-widget-container\">\n\t\t\t\t\t\t\t<div class=\"elementor-icon-wrapper\">\n\t\t\t<div class=\"elementor-icon\">\n\t\t\t<i aria-hidden=\"true\" class=\"fal fa-chart-line\"><\/i>\t\t\t<\/div>\n\t\t<\/div>\n\t\t\t\t\t\t<\/div>\n\t\t\t\t<\/div>\n\t\t\t\t<div class=\"elementor-element elementor-element-ee7c8dd elementor-widget elementor-widget-heading\" data-id=\"ee7c8dd\" data-element_type=\"widget\" data-e-type=\"widget\" data-widget_type=\"heading.default\">\n\t\t\t\t<div class=\"elementor-widget-container\">\n\t\t\t\t\t<h2 class=\"elementor-heading-title elementor-size-default\">Mehr Spezialisten, mehr Erfahrung<\/h2>\t\t\t\t<\/div>\n\t\t\t\t<\/div>\n\t\t\t\t<div class=\"elementor-element elementor-element-8bcd35b elementor-widget elementor-widget-text-editor\" data-id=\"8bcd35b\" data-element_type=\"widget\" data-e-type=\"widget\" data-widget_type=\"text-editor.default\">\n\t\t\t\t<div class=\"elementor-widget-container\">\n\t\t\t\t\t\t\t\t\t<p>Ein erweitertes Netzwerk an Spezialisten mit tiefem Branchenwissen erm\u00f6glicht ma\u00dfgeschneiderte L\u00f6sungen und sorgt f\u00fcr schnelle, pr\u00e4zise Umsetzung von Projekten. Kurz gesagt: Ein st\u00e4rkeres Expertenteam f\u00fcr jede Herausforderung!<\/p>\t\t\t\t\t\t\t\t<\/div>\n\t\t\t\t<\/div>\n\t\t\t\t<\/div>\n\t\t<div class=\"elementor-element elementor-element-89fbd4b e-con-full e-flex e-con e-child\" data-id=\"89fbd4b\" data-element_type=\"container\" data-e-type=\"container\" data-settings=\"{&quot;background_background&quot;:&quot;classic&quot;,&quot;jet_parallax_layout_list&quot;:[]}\">\n\t\t\t\t<div class=\"elementor-element elementor-element-74857e2 elementor-view-default elementor-widget elementor-widget-icon\" data-id=\"74857e2\" data-element_type=\"widget\" data-e-type=\"widget\" data-widget_type=\"icon.default\">\n\t\t\t\t<div class=\"elementor-widget-container\">\n\t\t\t\t\t\t\t<div class=\"elementor-icon-wrapper\">\n\t\t\t<div class=\"elementor-icon\">\n\t\t\t<i aria-hidden=\"true\" class=\"fal fa-lightbulb-on\"><\/i>\t\t\t<\/div>\n\t\t<\/div>\n\t\t\t\t\t\t<\/div>\n\t\t\t\t<\/div>\n\t\t\t\t<div class=\"elementor-element elementor-element-5842a54 elementor-widget elementor-widget-heading\" data-id=\"5842a54\" data-element_type=\"widget\" data-e-type=\"widget\" data-widget_type=\"heading.default\">\n\t\t\t\t<div class=\"elementor-widget-container\">\n\t\t\t\t\t<h2 class=\"elementor-heading-title elementor-size-default\">Innovation &amp; Stabilit\u00e4t<\/h2>\t\t\t\t<\/div>\n\t\t\t\t<\/div>\n\t\t\t\t<div class=\"elementor-element elementor-element-8fa0688 elementor-widget elementor-widget-text-editor\" data-id=\"8fa0688\" data-element_type=\"widget\" data-e-type=\"widget\" data-widget_type=\"text-editor.default\">\n\t\t\t\t<div class=\"elementor-widget-container\">\n\t\t\t\t\t\t\t\t\t<p>Technologische St\u00e4rke gepaart mit Power und Erfahrung treiben Innovationen voran und sichern zukunftsf\u00e4hige, stabile L\u00f6sungen, die auch langfristig Bestand haben.<\/p>\t\t\t\t\t\t\t\t<\/div>\n\t\t\t\t<\/div>\n\t\t\t\t<\/div>\n\t\t\t\t<\/div>\n\t\t\t\t<div class=\"elementor-element elementor-element-d8267e9 elementor-align-center elementor-widget elementor-widget-button\" data-id=\"d8267e9\" data-element_type=\"widget\" data-e-type=\"widget\" data-widget_type=\"button.default\">\n\t\t\t\t<div class=\"elementor-widget-container\">\n\t\t\t\t\t\t\t\t\t<div class=\"elementor-button-wrapper\">\n\t\t\t\t\t<a class=\"elementor-button elementor-button-link elementor-size-sm\" href=\"https:\/\/ameo-agentur.de\/de\/\">\n\t\t\t\t\t\t<span class=\"elementor-button-content-wrapper\">\n\t\t\t\t\t\t\t\t\t<span class=\"elementor-button-text\">ameo entdecken &amp; mehr erfahren<\/span>\n\t\t\t\t\t<\/span>\n\t\t\t\t\t<\/a>\n\t\t\t\t<\/div>\n\t\t\t\t\t\t\t\t<\/div>\n\t\t\t\t<\/div>\n\t\t\t\t\t<\/div>\n\t\t\t\t<\/div>\n\t\t\t\t<\/div>\n\t\t","protected":false},"excerpt":{"rendered":"<p>ist jetzt Wir freuen uns, mitteilen zu d\u00fcrfen, dass intomarkets jetzt Teil von ameo ist! Dein Vorteil: \u00a0Geb\u00fcndelte Expertise im Amazon-Marketing, umfassendere Services, innovativere Strategien und noch mehr Power f\u00fcr nachhaltiges E-Commerce-Wachstum. Was bedeutet das konkret? ERWEITERTES Portfolio Bew\u00e4hrte Leistungen werden erg\u00e4nzt durch DSP, Prime Video Ads, AMC Cases, Data &amp; Analytics, Prozessdigitalisierung, Softwareentwicklung und [&hellip;]<\/p>\n","protected":false},"author":2,"featured_media":0,"parent":0,"menu_order":0,"comment_status":"closed","ping_status":"closed","template":"","meta":{"_jf_save_progress":"","footnotes":""},"class_list":["post-7007","page","type-page","status-publish","hentry"],"_links":{"self":[{"href":"https:\/\/ameo-agentur.de\/de\/wp-json\/wp\/v2\/pages\/7007","targetHints":{"allow":["GET"]}}],"collection":[{"href":"https:\/\/ameo-agentur.de\/de\/wp-json\/wp\/v2\/pages"}],"about":[{"href":"https:\/\/ameo-agentur.de\/de\/wp-json\/wp\/v2\/types\/page"}],"author":[{"embeddable":true,"href":"https:\/\/ameo-agentur.de\/de\/wp-json\/wp\/v2\/users\/2"}],"replies":[{"embeddable":true,"href":"https:\/\/ameo-agentur.de\/de\/wp-json\/wp\/v2\/comments?post=7007"}],"version-history":[{"count":31,"href":"https:\/\/ameo-agentur.de\/de\/wp-json\/wp\/v2\/pages\/7007\/revisions"}],"predecessor-version":[{"id":7078,"href":"https:\/\/ameo-agentur.de\/de\/wp-json\/wp\/v2\/pages\/7007\/revisions\/7078"}],"wp:attachment":[{"href":"https:\/\/ameo-agentur.de\/de\/wp-json\/wp\/v2\/media?parent=7007"}],"curies":[{"name":"wp","href":"https:\/\/api.w.org\/{rel}","templated":true}]}}