{"id":4073,"date":"2025-03-05T20:49:16","date_gmt":"2025-03-05T19:49:16","guid":{"rendered":"https:\/\/ameo-agentur.de\/?page_id=4073"},"modified":"2025-03-26T12:04:43","modified_gmt":"2025-03-26T11:04:43","slug":"blog","status":"publish","type":"page","link":"https:\/\/ameo-agentur.de\/de\/blog\/","title":{"rendered":"Blog"},"content":{"rendered":"\t\t<div data-elementor-type=\"wp-page\" data-elementor-id=\"4073\" class=\"elementor elementor-4073\" data-elementor-post-type=\"page\">\n\t\t\t\t<div class=\"elementor-element elementor-element-14e9ffe e-flex e-con-boxed e-con e-parent\" data-id=\"14e9ffe\" data-element_type=\"container\" data-e-type=\"container\" data-settings=\"{&quot;jet_parallax_layout_list&quot;:[]}\">\n\t\t\t\t\t<div class=\"e-con-inner\">\n\t\t\t\t<div class=\"elementor-element elementor-element-20097e1 elementor-widget elementor-widget-heading\" data-id=\"20097e1\" data-element_type=\"widget\" data-e-type=\"widget\" data-widget_type=\"heading.default\">\n\t\t\t\t<div class=\"elementor-widget-container\">\n\t\t\t\t\t<h2 class=\"elementor-heading-title elementor-size-default\">NEWS &amp; INFOS\n<\/h2>\t\t\t\t<\/div>\n\t\t\t\t<\/div>\n\t\t\t\t<div class=\"elementor-element elementor-element-e8f183e elementor-widget elementor-widget-heading\" data-id=\"e8f183e\" data-element_type=\"widget\" data-e-type=\"widget\" data-widget_type=\"heading.default\">\n\t\t\t\t<div class=\"elementor-widget-container\">\n\t\t\t\t\t<h2 class=\"elementor-heading-title elementor-size-default\">Updates und Wissenswertens von Amazon &amp; Co.\n<\/h2>\t\t\t\t<\/div>\n\t\t\t\t<\/div>\n\t\t\t\t\t<\/div>\n\t\t\t\t<\/div>\n\t\t<div class=\"elementor-element elementor-element-ab3af5f e-flex e-con-boxed e-con e-parent\" data-id=\"ab3af5f\" data-element_type=\"container\" data-e-type=\"container\" data-settings=\"{&quot;jet_parallax_layout_list&quot;:[]}\">\n\t\t\t\t\t<div class=\"e-con-inner\">\n\t\t\t\t<div class=\"elementor-element elementor-element-ebd90ba elementor-widget__width-initial elementor-widget elementor-widget-text-editor\" data-id=\"ebd90ba\" data-element_type=\"widget\" data-e-type=\"widget\" data-widget_type=\"text-editor.default\">\n\t\t\t\t<div class=\"elementor-widget-container\">\n\t\t\t\t\t\t\t\t\t<p>Wir berichten regelm\u00e4\u00dfig \u00fcber Neuigkeiten rund um die Themen\u00a0<a href=\"https:\/\/ameo-agentur.de\/de\/wissen\/amazon-dynamic-e-commerce-ads\/\">E-Commerce<\/a>, Marktpl\u00e4tze und <a href=\"https:\/\/ameo-agentur.de\/de\/wissen\/sell-side-platform-supply-side-platform-ssp\/\">Amazon<\/a> im Besonderen. In unserem Blog findet ihr zudem zahlreiche Artikel mit praktischen Tipps und Hinweisen, die\u00a0<a href=\"https:\/\/ameo-agentur.de\/de\/wissen\/25-amazon-tools\/\">Seller<\/a>, Vendoren und Advertiser beachten sollten.<\/p>\t\t\t\t\t\t\t\t<\/div>\n\t\t\t\t<\/div>\n\t\t\t\t\t<\/div>\n\t\t\t\t<\/div>\n\t\t<div class=\"elementor-element elementor-element-3d17861 e-flex e-con-boxed e-con e-parent\" data-id=\"3d17861\" data-element_type=\"container\" data-e-type=\"container\" data-settings=\"{&quot;jet_parallax_layout_list&quot;:[]}\">\n\t\t\t\t\t<div class=\"e-con-inner\">\n\t\t\t\t<div class=\"elementor-element elementor-element-aa95652 elementor-widget-divider--view-line elementor-widget elementor-widget-divider\" data-id=\"aa95652\" data-element_type=\"widget\" data-e-type=\"widget\" data-widget_type=\"divider.default\">\n\t\t\t\t<div class=\"elementor-widget-container\">\n\t\t\t\t\t\t\t<div class=\"elementor-divider\">\n\t\t\t<span class=\"elementor-divider-separator\">\n\t\t\t\t\t\t<\/span>\n\t\t<\/div>\n\t\t\t\t\t\t<\/div>\n\t\t\t\t<\/div>\n\t\t\t\t\t<\/div>\n\t\t\t\t<\/div>\n\t\t<div class=\"elementor-element elementor-element-1b8fb4b e-flex e-con-boxed e-con e-parent\" data-id=\"1b8fb4b\" data-element_type=\"container\" data-e-type=\"container\" data-settings=\"{&quot;jet_parallax_layout_list&quot;:[]}\">\n\t\t\t\t\t<div class=\"e-con-inner\">\n\t\t\t\t<div class=\"elementor-element elementor-element-b16fd8b elementor-posts--thumbnail-none elementor-grid-3 elementor-grid-tablet-2 elementor-grid-mobile-1 elementor-card-shadow-yes elementor-posts__hover-gradient load-more-align-center elementor-widget elementor-widget-posts\" data-id=\"b16fd8b\" data-element_type=\"widget\" data-e-type=\"widget\" data-settings=\"{&quot;pagination_type&quot;:&quot;load_more_on_click&quot;,&quot;cards_columns&quot;:&quot;3&quot;,&quot;cards_columns_tablet&quot;:&quot;2&quot;,&quot;cards_columns_mobile&quot;:&quot;1&quot;,&quot;cards_row_gap&quot;:{&quot;unit&quot;:&quot;px&quot;,&quot;size&quot;:35,&quot;sizes&quot;:[]},&quot;cards_row_gap_tablet&quot;:{&quot;unit&quot;:&quot;px&quot;,&quot;size&quot;:&quot;&quot;,&quot;sizes&quot;:[]},&quot;cards_row_gap_mobile&quot;:{&quot;unit&quot;:&quot;px&quot;,&quot;size&quot;:&quot;&quot;,&quot;sizes&quot;:[]},&quot;load_more_spinner&quot;:{&quot;value&quot;:&quot;fas fa-spinner&quot;,&quot;library&quot;:&quot;fa-solid&quot;}}\" data-widget_type=\"posts.cards\">\n\t\t\t\t<div class=\"elementor-widget-container\">\n\t\t\t\t\t\t\t<div class=\"elementor-posts-container elementor-posts elementor-posts--skin-cards elementor-grid\" role=\"list\">\n\t\t\t\t<article class=\"elementor-post elementor-grid-item post-4548 post type-post status-publish format-standard hentry category-wissen tag-amazon tag-amazon-eea tag-amazon-eea-programm tag-eea-programm tag-european-expansion-accelerator tag-seller tag-seller-central tag-vendor\" role=\"listitem\">\n\t\t\t<div class=\"elementor-post__card\">\n\t\t\t\t<div class=\"elementor-post__text\">\n\t\t\t\t<h2 class=\"elementor-post__title\">\n\t\t\t<a href=\"https:\/\/ameo-agentur.de\/de\/wissen\/amazon-eea-programm\/\">\n\t\t\t\tAmazon EEA Programm\t\t\t<\/a>\n\t\t<\/h2>\n\t\t\t\t<div class=\"elementor-post__excerpt\">\n\t\t\t<p>Was ist das Amazon EEA-Programm? Amazon EEA steht f\u00fcr European Expansion Accelerator, zu Deutsch: \u201eBeschleuniger der europ\u00e4ischen Expansion\u201c. Das EEA-Programm wurde im April 2023 von Amazon ins Leben gerufen, um es Sellern zu erleichtern, ihr Gesch\u00e4ft international auszubauen. H\u00e4ndler:innen k\u00f6nnen nun \u00fcber die Seller Central unter dem Reiter \u201eLagerbestand\u201c Informationen zum Amazon EEA finden. Dort siehst du, in welchen L\u00e4ndern<\/p>\n\t\t<\/div>\n\t\t\t\t\t<div class=\"elementor-post__read-more-wrapper\">\n\t\t\n\t\t<a class=\"elementor-post__read-more\" href=\"https:\/\/ameo-agentur.de\/de\/wissen\/amazon-eea-programm\/\" aria-label=\"Mehr \u00fcber Amazon EEA Programm\" tabindex=\"-1\">\n\t\t\tWeiterlesen \u00bb\t\t<\/a>\n\n\t\t\t\t\t<\/div>\n\t\t\t\t<\/div>\n\t\t\t\t<div class=\"elementor-post__meta-data\">\n\t\t\t\t\t<span class=\"elementor-post-date\">\n\t\t\t14. Mai 2025\t\t<\/span>\n\t\t\t\t<\/div>\n\t\t\t\t\t<\/div>\n\t\t<\/article>\n\t\t\t\t<article class=\"elementor-post elementor-grid-item post-3490 post type-post status-publish format-standard hentry category-wissen\" role=\"listitem\">\n\t\t\t<div class=\"elementor-post__card\">\n\t\t\t\t<div class=\"elementor-post__text\">\n\t\t\t\t<h2 class=\"elementor-post__title\">\n\t\t\t<a href=\"https:\/\/ameo-agentur.de\/de\/wissen\/buy-box-guide\/\">\n\t\t\t\tDie Buy Box auf Amazon \u2013 der Guide zum Einkaufswagenfeld\t\t\t<\/a>\n\t\t<\/h2>\n\t\t\t\t<div class=\"elementor-post__excerpt\">\n\t\t\t<p>Die&nbsp;Buy Box auf Amazon&nbsp;(manchmal auch \u201eBuyBox\u201c geschrieben) ist f\u00fcr H\u00e4ndler:innen eines der wichtigsten Instrumente, um sich von der Konkurrenz abzuheben und ihre Produkte erfolgreich auf dem Online-Marktplatz zu verkaufen. Der Wettbewerb ist h\u00e4rter denn je und die st\u00e4ndigen Aktualisierungen der Algorithmen und Richtlinien von Amazon machen es f\u00fcr Verk\u00e4ufer:innen immer schwieriger, die Buy Box zu gewinnen. Daher ist es f\u00fcr<\/p>\n\t\t<\/div>\n\t\t\t\t\t<div class=\"elementor-post__read-more-wrapper\">\n\t\t\n\t\t<a class=\"elementor-post__read-more\" href=\"https:\/\/ameo-agentur.de\/de\/wissen\/buy-box-guide\/\" aria-label=\"Mehr \u00fcber Die Buy Box auf Amazon \u2013 der Guide zum Einkaufswagenfeld\" tabindex=\"-1\">\n\t\t\tWeiterlesen \u00bb\t\t<\/a>\n\n\t\t\t\t\t<\/div>\n\t\t\t\t<\/div>\n\t\t\t\t<div class=\"elementor-post__meta-data\">\n\t\t\t\t\t<span class=\"elementor-post-date\">\n\t\t\t18. April 2024\t\t<\/span>\n\t\t\t\t<\/div>\n\t\t\t\t\t<\/div>\n\t\t<\/article>\n\t\t\t\t<article class=\"elementor-post elementor-grid-item post-3541 post type-post status-publish format-standard hentry category-wissen\" role=\"listitem\">\n\t\t\t<div class=\"elementor-post__card\">\n\t\t\t\t<div class=\"elementor-post__text\">\n\t\t\t\t<h2 class=\"elementor-post__title\">\n\t\t\t<a href=\"https:\/\/ameo-agentur.de\/de\/wissen\/funnel-marketing\/\">\n\t\t\t\tUmsatzsteigerung im E-Commerce: Der umfassende Guide zum Funnel Marketing\t\t\t<\/a>\n\t\t<\/h2>\n\t\t\t\t<div class=\"elementor-post__excerpt\">\n\t\t\t<p>Im sich st\u00e4ndig weiterentwickelnden Bereich des Online-Handels ist die Entwicklung effektiver Methoden zur&nbsp;Kundengewinnung und Kundenbetreuung&nbsp;w\u00e4hrend des gesamten Kaufprozesses von entscheidender Bedeutung. Hier gewinnt das Funnel-Marketing zunehmend an Bedeutung. Doch was versteht man unter&nbsp;Funnel-Marketing? Es handelt sich um eine Taktik, bei der die Konsument:innen durch verschiedene Phasen einer \u201eReise\u201c gef\u00fchrt werden, die mit der ersten Begegnung mit einem Produkt oder einer<\/p>\n\t\t<\/div>\n\t\t\t\t\t<div class=\"elementor-post__read-more-wrapper\">\n\t\t\n\t\t<a class=\"elementor-post__read-more\" href=\"https:\/\/ameo-agentur.de\/de\/wissen\/funnel-marketing\/\" aria-label=\"Mehr \u00fcber Umsatzsteigerung im E-Commerce: Der umfassende Guide zum Funnel Marketing\" tabindex=\"-1\">\n\t\t\tWeiterlesen \u00bb\t\t<\/a>\n\n\t\t\t\t\t<\/div>\n\t\t\t\t<\/div>\n\t\t\t\t<div class=\"elementor-post__meta-data\">\n\t\t\t\t\t<span class=\"elementor-post-date\">\n\t\t\t22. Dezember 2023\t\t<\/span>\n\t\t\t\t<\/div>\n\t\t\t\t\t<\/div>\n\t\t<\/article>\n\t\t\t\t<article class=\"elementor-post elementor-grid-item post-4779 post type-post status-publish format-standard hentry category-wissen tag-acos tag-advertising tag-amazon-ads tag-anzeigenrang tag-bezahlte-werbung tag-cpa tag-cpc tag-ctr tag-google-ads tag-paid-search tag-qualitaetsfaktor tag-roas tag-sea tag-tacos tag-werbung\" role=\"listitem\">\n\t\t\t<div class=\"elementor-post__card\">\n\t\t\t\t<div class=\"elementor-post__text\">\n\t\t\t\t<h2 class=\"elementor-post__title\">\n\t\t\t<a href=\"https:\/\/ameo-agentur.de\/de\/wissen\/amazon-ads-vs-google-ads\/\">\n\t\t\t\tAmazon Ads vs. Google Ads: Der Leitfaden f\u00fcr Paid Search\t\t\t<\/a>\n\t\t<\/h2>\n\t\t\t\t<div class=\"elementor-post__excerpt\">\n\t\t\t<p>Paid Search-Kampagnen sind im dynamischen Umfeld des digitalen Marketings zu einem unverzichtbaren Bestandteil f\u00fcr Unternehmen geworden, die ihre Internetpr\u00e4senz ausbauen und ihre Produkte oder Dienstleistungen effektiv vermarkten wollen. Google gilt seit langem als f\u00fchrend in der Welt der Suchmaschinenwerbung, w\u00e4hrend Amazon sich in der Welt des E-Commerce, insbesondere in der Produktwerbung, einen Namen gemacht hat. Doch wie unterscheiden sich die<\/p>\n\t\t<\/div>\n\t\t\t\t\t<div class=\"elementor-post__read-more-wrapper\">\n\t\t\n\t\t<a class=\"elementor-post__read-more\" href=\"https:\/\/ameo-agentur.de\/de\/wissen\/amazon-ads-vs-google-ads\/\" aria-label=\"Mehr \u00fcber Amazon Ads vs. Google Ads: Der Leitfaden f\u00fcr Paid Search\" tabindex=\"-1\">\n\t\t\tWeiterlesen \u00bb\t\t<\/a>\n\n\t\t\t\t\t<\/div>\n\t\t\t\t<\/div>\n\t\t\t\t<div class=\"elementor-post__meta-data\">\n\t\t\t\t\t<span class=\"elementor-post-date\">\n\t\t\t19. Dezember 2023\t\t<\/span>\n\t\t\t\t<\/div>\n\t\t\t\t\t<\/div>\n\t\t<\/article>\n\t\t\t\t<article class=\"elementor-post elementor-grid-item post-4204 post type-post status-publish format-standard hentry category-wissen\" role=\"listitem\">\n\t\t\t<div class=\"elementor-post__card\">\n\t\t\t\t<div class=\"elementor-post__text\">\n\t\t\t\t<h2 class=\"elementor-post__title\">\n\t\t\t<a href=\"https:\/\/ameo-agentur.de\/de\/wissen\/erfolg-auf-amazon\/\">\n\t\t\t\tErfolg auf Amazon: So verwandelt ihr eure Produktidee in einen Top-Seller\t\t\t<\/a>\n\t\t<\/h2>\n\t\t\t\t<div class=\"elementor-post__excerpt\">\n\t\t\t<p>Amazon hat in der \u00c4ra des Online-Handels&nbsp;eine f\u00fchrende Position eingenommen und bietet t\u00e4glich Millionen von Artikeln an. Neben dem traditionellen Handel bietet die Plattform auch innovative Wege, um Einnahmen zu erzielen, ohne physische Waren zu verkaufen. Wer jedoch ein physisches Produkt entwickeln und auf den Markt bringen m\u00f6chte, steht vor der Frage: Wie wird aus einer einfachen Idee in diesem<\/p>\n\t\t<\/div>\n\t\t\t\t\t<div class=\"elementor-post__read-more-wrapper\">\n\t\t\n\t\t<a class=\"elementor-post__read-more\" href=\"https:\/\/ameo-agentur.de\/de\/wissen\/erfolg-auf-amazon\/\" aria-label=\"Mehr \u00fcber Erfolg auf Amazon: So verwandelt ihr eure Produktidee in einen Top-Seller\" tabindex=\"-1\">\n\t\t\tWeiterlesen \u00bb\t\t<\/a>\n\n\t\t\t\t\t<\/div>\n\t\t\t\t<\/div>\n\t\t\t\t<div class=\"elementor-post__meta-data\">\n\t\t\t\t\t<span class=\"elementor-post-date\">\n\t\t\t18. Dezember 2023\t\t<\/span>\n\t\t\t\t<\/div>\n\t\t\t\t\t<\/div>\n\t\t<\/article>\n\t\t\t\t<article class=\"elementor-post elementor-grid-item post-5545 post type-post status-publish format-standard hentry category-news\" role=\"listitem\">\n\t\t\t<div class=\"elementor-post__card\">\n\t\t\t\t<div class=\"elementor-post__text\">\n\t\t\t\t<h2 class=\"elementor-post__title\">\n\t\t\t<a href=\"https:\/\/ameo-agentur.de\/de\/news\/amazon-luna\/\">\n\t\t\t\tWas ist Amazon Luna?\t\t\t<\/a>\n\t\t<\/h2>\n\t\t\t\t<div class=\"elementor-post__excerpt\">\n\t\t\t<p>Amazon Luna\u00a0ist ein\u00a0Cloud-Gaming-Dienst\u00a0von\u00a0Amazon, der im M\u00e4rz 2023 in Deutschland eingef\u00fchrt wurde. W\u00e4hrend sich\u00a0Prime-Kund:innen \u00fcber ein kostenloses Abonnement von Luna freuen k\u00f6nnen, m\u00fcssen alle anderen eine monatliche Geb\u00fchr f\u00fcr den Dienst zahlen.\u00a0Amazon Luna\u00a0bietet seinen Abonnent:innen drei verschiedene Spielebibliotheken und eine weitere Bibliothek mit monatlich wechselnden Games an. Cloud-Gaming erm\u00f6glicht es Nutzer:innen, Videospiele zu spielen, ohne sie lokal auf dem Computer oder<\/p>\n\t\t<\/div>\n\t\t\t\t\t<div class=\"elementor-post__read-more-wrapper\">\n\t\t\n\t\t<a class=\"elementor-post__read-more\" href=\"https:\/\/ameo-agentur.de\/de\/news\/amazon-luna\/\" aria-label=\"Mehr \u00fcber Was ist Amazon Luna?\" tabindex=\"-1\">\n\t\t\tWeiterlesen \u00bb\t\t<\/a>\n\n\t\t\t\t\t<\/div>\n\t\t\t\t<\/div>\n\t\t\t\t<div class=\"elementor-post__meta-data\">\n\t\t\t\t\t<span class=\"elementor-post-date\">\n\t\t\t4. November 2023\t\t<\/span>\n\t\t\t\t<\/div>\n\t\t\t\t\t<\/div>\n\t\t<\/article>\n\t\t\t\t<article class=\"elementor-post elementor-grid-item post-3141 post type-post status-publish format-standard hentry category-wissen\" role=\"listitem\">\n\t\t\t<div class=\"elementor-post__card\">\n\t\t\t\t<div class=\"elementor-post__text\">\n\t\t\t\t<h2 class=\"elementor-post__title\">\n\t\t\t<a href=\"https:\/\/ameo-agentur.de\/de\/wissen\/asin\/\">\n\t\t\t\tWas ist eine ASIN?\t\t\t<\/a>\n\t\t<\/h2>\n\t\t\t\t<div class=\"elementor-post__excerpt\">\n\t\t\t<p>Die\u00a0Amazon Standard-Identifikationsnummer\u00a0(ASIN) ist ein eindeutiger Satz von zehn Buchstaben und\/oder Ziffern, mit dem Artikel identifiziert werden. Die ASIN ist auf der Produktdetailseite von Amazon zu finden. Bei B\u00fcchern ist die ASIN identisch mit der\u00a0ISBN-Nummer. Bei allen anderen Produkten wird eine neue ASIN angelegt, wenn der Artikel in den Amazon-Katalog aufgenommen wird. Die ASIN des Artikels ist auf der Produktdetailseite neben<\/p>\n\t\t<\/div>\n\t\t\t\t\t<div class=\"elementor-post__read-more-wrapper\">\n\t\t\n\t\t<a class=\"elementor-post__read-more\" href=\"https:\/\/ameo-agentur.de\/de\/wissen\/asin\/\" aria-label=\"Mehr \u00fcber Was ist eine ASIN?\" tabindex=\"-1\">\n\t\t\tWeiterlesen \u00bb\t\t<\/a>\n\n\t\t\t\t\t<\/div>\n\t\t\t\t<\/div>\n\t\t\t\t<div class=\"elementor-post__meta-data\">\n\t\t\t\t\t<span class=\"elementor-post-date\">\n\t\t\t30. Juli 2023\t\t<\/span>\n\t\t\t\t<\/div>\n\t\t\t\t\t<\/div>\n\t\t<\/article>\n\t\t\t\t<article class=\"elementor-post elementor-grid-item post-3667 post type-post status-publish format-standard hentry category-wissen\" role=\"listitem\">\n\t\t\t<div class=\"elementor-post__card\">\n\t\t\t\t<div class=\"elementor-post__text\">\n\t\t\t\t<h2 class=\"elementor-post__title\">\n\t\t\t<a href=\"https:\/\/ameo-agentur.de\/de\/wissen\/a-bis-z-garantie\/\">\n\t\t\t\tWas ist die Amazon A-bis-Z-Garantie?\t\t\t<\/a>\n\t\t<\/h2>\n\t\t\t\t<div class=\"elementor-post__excerpt\">\n\t\t\t<p>Die&nbsp;Amazon&nbsp;A-bis-Z-Garantie&nbsp;ist das&nbsp;Versprechen&nbsp;von Amazon, dass Kund:innen ihre gekauften Produkte sicher und ohne Probleme erhalten. Wenn Kund:innen auf Amazon bei externen Verk\u00e4ufer:innen einkaufen und das gekaufte Produkt entweder nicht der Beschreibung entspricht oder gar nicht erst geliefert wird, haben die Kund:innen die M\u00f6glichkeit, die A-bis-Z-Garantie in Anspruch zu nehmen. Mit der Garantie m\u00f6chte der Online-H\u00e4ndler Amazon Vertrauen beim Einkaufen schaffen und die&nbsp;Kundenzufriedenheit&nbsp;erh\u00f6hen.<\/p>\n\t\t<\/div>\n\t\t\t\t\t<div class=\"elementor-post__read-more-wrapper\">\n\t\t\n\t\t<a class=\"elementor-post__read-more\" href=\"https:\/\/ameo-agentur.de\/de\/wissen\/a-bis-z-garantie\/\" aria-label=\"Mehr \u00fcber Was ist die Amazon A-bis-Z-Garantie?\" tabindex=\"-1\">\n\t\t\tWeiterlesen \u00bb\t\t<\/a>\n\n\t\t\t\t\t<\/div>\n\t\t\t\t<\/div>\n\t\t\t\t<div class=\"elementor-post__meta-data\">\n\t\t\t\t\t<span class=\"elementor-post-date\">\n\t\t\t27. Juli 2023\t\t<\/span>\n\t\t\t\t<\/div>\n\t\t\t\t\t<\/div>\n\t\t<\/article>\n\t\t\t\t<article class=\"elementor-post elementor-grid-item post-3315 post type-post status-publish format-standard hentry category-wissen\" role=\"listitem\">\n\t\t\t<div class=\"elementor-post__card\">\n\t\t\t\t<div class=\"elementor-post__text\">\n\t\t\t\t<h2 class=\"elementor-post__title\">\n\t\t\t<a href=\"https:\/\/ameo-agentur.de\/de\/wissen\/b2c\/\">\n\t\t\t\tWas bedeutet B2C?\t\t\t<\/a>\n\t\t<\/h2>\n\t\t\t\t<div class=\"elementor-post__excerpt\">\n\t\t\t<p>Die Abk\u00fcrzung\u00a0B2C\u00a0(auch B-to-C oder BtC) steht f\u00fcr\u00a0Business-to-Consumer\u00a0und beschreibt somit die Gesch\u00e4ftsbeziehung zwischen einem Unternehmen und einer Privatperson (Konsument:in, Kund:in). Dabei werden in der Regel Produkte oder Dienstleistungen von einem Unternehmen an Konsument:innen verkauft. Diese Art der Gesch\u00e4ftsbeziehung steht damit im\u00a0Gegensatz zu Gesch\u00e4ftsbeziehungen zwischen Unternehmen untereinander (<a href=\"https:\/\/ameo-agentur.de\/de\/wissen\/handler-hinweis-os\/\">B2B<\/a>\u00a0oder Business-to-Business). Ein anschauliches Beispiel f\u00fcr ein B2C-Gesch\u00e4ft ist der Direktvertrieb von z.B. Matratzen, durch<\/p>\n\t\t<\/div>\n\t\t\t\t\t<div class=\"elementor-post__read-more-wrapper\">\n\t\t\n\t\t<a class=\"elementor-post__read-more\" href=\"https:\/\/ameo-agentur.de\/de\/wissen\/b2c\/\" aria-label=\"Mehr \u00fcber Was bedeutet B2C?\" tabindex=\"-1\">\n\t\t\tWeiterlesen \u00bb\t\t<\/a>\n\n\t\t\t\t\t<\/div>\n\t\t\t\t<\/div>\n\t\t\t\t<div class=\"elementor-post__meta-data\">\n\t\t\t\t\t<span class=\"elementor-post-date\">\n\t\t\t11. Juli 2023\t\t<\/span>\n\t\t\t\t<\/div>\n\t\t\t\t\t<\/div>\n\t\t<\/article>\n\t\t\t\t<\/div>\n\t\t\t\t\t<span class=\"e-load-more-spinner\">\n\t\t\t\t<svg aria-hidden=\"true\" class=\"e-font-icon-svg e-fas-spinner\" viewBox=\"0 0 512 512\" xmlns=\"http:\/\/www.w3.org\/2000\/svg\"><path d=\"M304 48c0 26.51-21.49 48-48 48s-48-21.49-48-48 21.49-48 48-48 48 21.49 48 48zm-48 368c-26.51 0-48 21.49-48 48s21.49 48 48 48 48-21.49 48-48-21.49-48-48-48zm208-208c-26.51 0-48 21.49-48 48s21.49 48 48 48 48-21.49 48-48-21.49-48-48-48zM96 256c0-26.51-21.49-48-48-48S0 229.49 0 256s21.49 48 48 48 48-21.49 48-48zm12.922 99.078c-26.51 0-48 21.49-48 48s21.49 48 48 48 48-21.49 48-48c0-26.509-21.491-48-48-48zm294.156 0c-26.51 0-48 21.49-48 48s21.49 48 48 48 48-21.49 48-48c0-26.509-21.49-48-48-48zM108.922 60.922c-26.51 0-48 21.49-48 48s21.49 48 48 48 48-21.49 48-48-21.491-48-48-48z\"><\/path><\/svg>\t\t\t<\/span>\n\t\t\n\t\t\t\t<div class=\"e-load-more-anchor\" data-page=\"1\" data-max-page=\"42\" data-next-page=\"https:\/\/ameo-agentur.de\/de\/wp-json\/wp\/v2\/pages\/4073\/page\/2\/\"><\/div>\n\t\t\t\t<div class=\"elementor-button-wrapper\">\n\t\t\t<a class=\"elementor-button elementor-size-sm\" role=\"button\">\n\t\t\t\t\t\t<span class=\"elementor-button-content-wrapper\">\n\t\t\t\t\t\t\t\t\t<span class=\"elementor-button-text\">Weitere Posts Laden<\/span>\n\t\t\t\t\t<\/span>\n\t\t\t\t\t<\/a>\n\t\t<\/div>\n\t\t\t\t<div class=\"e-load-more-message\"><\/div>\n\t\t\t\t\t\t<\/div>\n\t\t\t\t<\/div>\n\t\t\t\t\t<\/div>\n\t\t\t\t<\/div>\n\t\t<div class=\"elementor-element elementor-element-6d43d80 e-flex e-con-boxed e-con e-parent\" data-id=\"6d43d80\" data-element_type=\"container\" data-e-type=\"container\" data-settings=\"{&quot;jet_parallax_layout_list&quot;:[]}\">\n\t\t\t\t\t<div class=\"e-con-inner\">\n\t\t\t\t\t<\/div>\n\t\t\t\t<\/div>\n\t\t\t\t<\/div>\n\t\t","protected":false},"excerpt":{"rendered":"<p>NEWS &amp; INFOS Updates und Wissenswertens von Amazon &amp; Co. Wir berichten regelm\u00e4\u00dfig \u00fcber Neuigkeiten rund um die Themen\u00a0E-Commerce, Marktpl\u00e4tze und Amazon im Besonderen. In unserem Blog findet ihr zudem zahlreiche Artikel mit praktischen Tipps und Hinweisen, die\u00a0Seller, Vendoren und Advertiser beachten sollten.<\/p>\n","protected":false},"author":2,"featured_media":0,"parent":0,"menu_order":0,"comment_status":"closed","ping_status":"closed","template":"","meta":{"_jf_save_progress":"","footnotes":""},"class_list":["post-4073","page","type-page","status-publish","hentry"],"_links":{"self":[{"href":"https:\/\/ameo-agentur.de\/de\/wp-json\/wp\/v2\/pages\/4073","targetHints":{"allow":["GET"]}}],"collection":[{"href":"https:\/\/ameo-agentur.de\/de\/wp-json\/wp\/v2\/pages"}],"about":[{"href":"https:\/\/ameo-agentur.de\/de\/wp-json\/wp\/v2\/types\/page"}],"author":[{"embeddable":true,"href":"https:\/\/ameo-agentur.de\/de\/wp-json\/wp\/v2\/users\/2"}],"replies":[{"embeddable":true,"href":"https:\/\/ameo-agentur.de\/de\/wp-json\/wp\/v2\/comments?post=4073"}],"version-history":[{"count":31,"href":"https:\/\/ameo-agentur.de\/de\/wp-json\/wp\/v2\/pages\/4073\/revisions"}],"predecessor-version":[{"id":5313,"href":"https:\/\/ameo-agentur.de\/de\/wp-json\/wp\/v2\/pages\/4073\/revisions\/5313"}],"wp:attachment":[{"href":"https:\/\/ameo-agentur.de\/de\/wp-json\/wp\/v2\/media?parent=4073"}],"curies":[{"name":"wp","href":"https:\/\/api.w.org\/{rel}","templated":true}]}}